{"id":14258,"date":"2023-11-19T09:08:35","date_gmt":"2023-11-19T09:08:35","guid":{"rendered":"https:\/\/heygumake.com\/?page_id=14258"},"modified":"2025-06-06T09:46:17","modified_gmt":"2025-06-06T09:46:17","slug":"blog","status":"publish","type":"page","link":"https:\/\/xm-precision.com\/de\/blog\/","title":{"rendered":"Blog"},"content":{"rendered":"<div data-elementor-type=\"wp-post\" data-elementor-id=\"14258\" class=\"elementor elementor-14258\" data-elementor-post-type=\"page\">\n\t\t\t\t<div class=\"elementor-element elementor-element-22eabccb e-flex e-con-boxed e-con e-parent\" data-id=\"22eabccb\" data-element_type=\"container\" data-settings=\"{&quot;background_background&quot;:&quot;classic&quot;,&quot;shape_divider_bottom&quot;:&quot;opacity-fan&quot;}\">\n\t\t\t\t\t<div class=\"e-con-inner\">\n\t\t\t\t<div class=\"elementor-shape elementor-shape-bottom\" aria-hidden=\"true\" data-negative=\"false\">\n\t\t\t<svg xmlns=\"http:\/\/www.w3.org\/2000\/svg\" viewbox=\"0 0 283.5 19.6\" preserveaspectratio=\"none\">\n\t<path class=\"elementor-shape-fill\" style=\"opacity:0.33\" d=\"M0 0L0 18.8 141.8 4.1 283.5 18.8 283.5 0z\"\/>\n\t<path class=\"elementor-shape-fill\" style=\"opacity:0.33\" d=\"M0 0L0 12.6 141.8 4 283.5 12.6 283.5 0z\"\/>\n\t<path class=\"elementor-shape-fill\" style=\"opacity:0.33\" d=\"M0 0L0 6.4 141.8 4 283.5 6.4 283.5 0z\"\/>\n\t<path class=\"elementor-shape-fill\" d=\"M0 0L0 1.2 141.8 4 283.5 1.2 283.5 0z\"\/>\n<\/svg>\t\t<\/div>\n\t\t<div class=\"elementor-element elementor-element-29fa31f3 e-con-full e-flex e-con e-child\" data-id=\"29fa31f3\" data-element_type=\"container\">\n\t\t\t\t<div class=\"elementor-element elementor-element-4ac1d9f elementor-widget elementor-widget-heading\" data-id=\"4ac1d9f\" data-element_type=\"widget\" data-widget_type=\"heading.default\">\n\t\t\t\t\t<h1 class=\"elementor-heading-title elementor-size-default\">Blog &amp; Nachrichten<\/h1>\t\t\t\t<\/div>\n\t\t\t\t<div class=\"elementor-element elementor-element-168b046f elementor-widget elementor-widget-text-editor\" data-id=\"168b046f\" data-element_type=\"widget\" data-widget_type=\"text-editor.default\">\n\t\t\t\t\t\t\t\t\t<p>Entdecken Sie aufschlussreiche Artikel, Expertentipps und Branchentrends zu einem breiten Themenspektrum, von der Designoptimierung bis zur Materialauswahl.<\/p>\t\t\t\t\t\t\t\t<\/div>\n\t\t\t\t<\/div>\n\t\t\t\t\t<\/div>\n\t\t\t\t<\/div>\n\t\t<div class=\"elementor-element elementor-element-81b51ce e-flex e-con-boxed e-con e-parent\" data-id=\"81b51ce\" data-element_type=\"container\">\n\t\t\t\t\t<div class=\"e-con-inner\">\n\t\t\t\t<div class=\"elementor-element elementor-element-1d6bb37 elementor-grid-3 elementor-grid-tablet-2 elementor-grid-mobile-1 elementor-posts--thumbnail-top elementor-widget elementor-widget-posts\" data-id=\"1d6bb37\" data-element_type=\"widget\" data-settings=\"{&quot;classic_columns&quot;:&quot;3&quot;,&quot;classic_columns_tablet&quot;:&quot;2&quot;,&quot;classic_columns_mobile&quot;:&quot;1&quot;,&quot;classic_row_gap&quot;:{&quot;unit&quot;:&quot;px&quot;,&quot;size&quot;:35,&quot;sizes&quot;:[]},&quot;classic_row_gap_tablet&quot;:{&quot;unit&quot;:&quot;px&quot;,&quot;size&quot;:&quot;&quot;,&quot;sizes&quot;:[]},&quot;classic_row_gap_mobile&quot;:{&quot;unit&quot;:&quot;px&quot;,&quot;size&quot;:&quot;&quot;,&quot;sizes&quot;:[]}}\" data-widget_type=\"posts.classic\">\n\t\t\t\t<div class=\"elementor-widget-container\">\n\t\t\t\t\t\t\t<div class=\"elementor-posts-container elementor-posts elementor-posts--skin-classic elementor-grid\" role=\"list\">\r\n\t\t\t\t<article class=\"elementor-post elementor-grid-item post-1 post type-post status-publish format-standard has-post-thumbnail hentry category-blog\" role=\"listitem\">\r\n\t\t\t\t<a class=\"elementor-post__thumbnail__link\" href=\"https:\/\/xm-precision.com\/de\/einfuhrung-in-die-schnellen-prototypen-in-der-technik\/\" tabindex=\"-1\" >\r\n\t\t\t<div class=\"elementor-post__thumbnail\"><img fetchpriority=\"high\" decoding=\"async\" width=\"300\" height=\"200\" src=\"https:\/\/xm-precision.com\/wp-content\/uploads\/2023\/09\/53-300x200.jpg\" class=\"attachment-medium size-medium wp-image-17207\" alt=\"\" srcset=\"https:\/\/xm-precision.com\/wp-content\/uploads\/2023\/09\/53-300x200.jpg 300w, https:\/\/xm-precision.com\/wp-content\/uploads\/2023\/09\/53-768x512.jpg 768w, https:\/\/xm-precision.com\/wp-content\/uploads\/2023\/09\/53-18x12.jpg 18w, https:\/\/xm-precision.com\/wp-content\/uploads\/2023\/09\/53.jpg 900w\" sizes=\"(max-width: 300px) 100vw, 300px\" \/><\/div>\r\n\t\t<\/a>\r\n\t\t\t\t<div class=\"elementor-post__text\">\r\n\t\t\t\t<h3 class=\"elementor-post__title\">\r\n\t\t\t<a href=\"https:\/\/xm-precision.com\/de\/einfuhrung-in-die-schnellen-prototypen-in-der-technik\/\" >\r\n\t\t\t\tWas ist Rapid Prototyping?\t\t\t<\/a>\r\n\t\t<\/h3>\r\n\t\t\t\t<div class=\"elementor-post__meta-data\">\r\n\t\t\t\t\t<span class=\"elementor-post-date\">\r\n\t\t\t29. September 2024\t\t<\/span>\r\n\t\t\t\t<\/div>\r\n\t\t\t\t<div class=\"elementor-post__excerpt\">\r\n\t\t\t<p>Unter Rapid Prototyping versteht man Technologien, die im Vergleich zu herk\u00f6mmlichen Methoden wie der CNC-Bearbeitung eine schnellere Erstellung technischer Prototypen und Produkte erm\u00f6glichen. Mit schnellen Prototypen k\u00f6nnen Entwurfsiterationen und Tests schnell durchgef\u00fchrt werden. Dies beschleunigt die Produktentwicklungszyklen erheblich. Lassen Sie uns mehr \u00fcber Rapid Prototyping und seine Anwendungen im Ingenieurwesen erfahren. Was ist Rapid Prototyping? Rapid Prototyping ist eine Gruppe<\/p>\n\t\t<\/div>\r\n\t\t\t\t\t<div class=\"elementor-post__read-more-wrapper\">\r\n\t\t\r\n\t\t<a class=\"elementor-post__read-more\" href=\"https:\/\/xm-precision.com\/de\/einfuhrung-in-die-schnellen-prototypen-in-der-technik\/\" aria-label=\"Read more about What is Rapid Prototyping\" tabindex=\"-1\" >\r\n\t\t\tMehr lesen &quot;\t\t<\/a>\r\n\r\n\t\t\t\t\t<\/div>\r\n\t\t\t\t<\/div>\r\n\t\t\t\t<\/article>\r\n\t\t\t\t<\/div>\r\n\t\t\r\n\t\t\t\t\t\t<\/div>\n\t\t\t\t<\/div>\n\t\t\t\t\t<\/div>\n\t\t\t\t<\/div>\n\t\t\t\t<\/div>","protected":false},"excerpt":{"rendered":"<p>Blog &amp; News Explore insightful articles, expert tips, and industry trends covering a wide range of topics, from design optimization to material selection.<\/p>","protected":false},"author":4,"featured_media":0,"parent":0,"menu_order":0,"comment_status":"closed","ping_status":"closed","template":"","meta":{"site-sidebar-layout":"no-sidebar","site-content-layout":"page-builder","ast-site-content-layout":"full-width-container","site-content-style":"unboxed","site-sidebar-style":"unboxed","ast-global-header-display":"","ast-banner-title-visibility":"","ast-main-header-display":"","ast-hfb-above-header-display":"","ast-hfb-below-header-display":"","ast-hfb-mobile-header-display":"","site-post-title":"disabled","ast-breadcrumbs-content":"","ast-featured-img":"disabled","footer-sml-layout":"","ast-disable-related-posts":"","theme-transparent-header-meta":"enabled","adv-header-id-meta":"","stick-header-meta":"","header-above-stick-meta":"","header-main-stick-meta":"","header-below-stick-meta":"","astra-migrate-meta-layouts":"set","ast-page-background-enabled":"default","ast-page-background-meta":{"desktop":{"background-color":"","background-image":"","background-repeat":"repeat","background-position":"center center","background-size":"auto","background-attachment":"scroll","background-type":"","background-media":"","overlay-type":"","overlay-color":"","overlay-opacity":"","overlay-gradient":""},"tablet":{"background-color":"","background-image":"","background-repeat":"repeat","background-position":"center center","background-size":"auto","background-attachment":"scroll","background-type":"","background-media":"","overlay-type":"","overlay-color":"","overlay-opacity":"","overlay-gradient":""},"mobile":{"background-color":"","background-image":"","background-repeat":"repeat","background-position":"center center","background-size":"auto","background-attachment":"scroll","background-type":"","background-media":"","overlay-type":"","overlay-color":"","overlay-opacity":"","overlay-gradient":""}},"ast-content-background-meta":{"desktop":{"background-color":"var(--ast-global-color-5)","background-image":"","background-repeat":"repeat","background-position":"center center","background-size":"auto","background-attachment":"scroll","background-type":"","background-media":"","overlay-type":"","overlay-color":"","overlay-opacity":"","overlay-gradient":""},"tablet":{"background-color":"var(--ast-global-color-5)","background-image":"","background-repeat":"repeat","background-position":"center center","background-size":"auto","background-attachment":"scroll","background-type":"","background-media":"","overlay-type":"","overlay-color":"","overlay-opacity":"","overlay-gradient":""},"mobile":{"background-color":"var(--ast-global-color-5)","background-image":"","background-repeat":"repeat","background-position":"center center","background-size":"auto","background-attachment":"scroll","background-type":"","background-media":"","overlay-type":"","overlay-color":"","overlay-opacity":"","overlay-gradient":""}},"footnotes":""},"class_list":["post-14258","page","type-page","status-publish","hentry"],"_links":{"self":[{"href":"https:\/\/xm-precision.com\/de\/wp-json\/wp\/v2\/pages\/14258","targetHints":{"allow":["GET"]}}],"collection":[{"href":"https:\/\/xm-precision.com\/de\/wp-json\/wp\/v2\/pages"}],"about":[{"href":"https:\/\/xm-precision.com\/de\/wp-json\/wp\/v2\/types\/page"}],"author":[{"embeddable":true,"href":"https:\/\/xm-precision.com\/de\/wp-json\/wp\/v2\/users\/4"}],"replies":[{"embeddable":true,"href":"https:\/\/xm-precision.com\/de\/wp-json\/wp\/v2\/comments?post=14258"}],"version-history":[{"count":19,"href":"https:\/\/xm-precision.com\/de\/wp-json\/wp\/v2\/pages\/14258\/revisions"}],"predecessor-version":[{"id":17740,"href":"https:\/\/xm-precision.com\/de\/wp-json\/wp\/v2\/pages\/14258\/revisions\/17740"}],"wp:attachment":[{"href":"https:\/\/xm-precision.com\/de\/wp-json\/wp\/v2\/media?parent=14258"}],"curies":[{"name":"wp","href":"https:\/\/api.w.org\/{rel}","templated":true}]}}